{"id":10900,"date":"2024-09-24T13:54:50","date_gmt":"2024-09-24T10:54:50","guid":{"rendered":"https:\/\/mobantr.com\/?page_id=10900"},"modified":"2025-01-12T17:26:50","modified_gmt":"2025-01-12T14:26:50","slug":"makine-aparat-imalati","status":"publish","type":"page","link":"https:\/\/mobantr.com\/en\/makine-aparat-imalati\/","title":{"rendered":"Makine ve Aparat \u0130malat\u0131"},"content":{"rendered":"<div data-elementor-type=\"wp-page\" data-elementor-id=\"10900\" class=\"elementor elementor-10900\">\n\t\t\t\t\t\t<section class=\"elementor-section elementor-top-section elementor-element elementor-element-3724777 elementor-section-full_width elementor-section-height-default elementor-section-height-default\" data-id=\"3724777\" data-element_type=\"section\" data-settings=\"{&quot;background_background&quot;:&quot;classic&quot;}\">\n\t\t\t\t\t\t\t<div class=\"elementor-background-overlay\"><\/div>\n\t\t\t\t\t\t\t<div class=\"elementor-container elementor-column-gap-default\">\n\t\t\t\t\t<div class=\"elementor-column elementor-col-100 elementor-top-column elementor-element elementor-element-d9d64cc\" data-id=\"d9d64cc\" data-element_type=\"column\">\n\t\t\t<div class=\"elementor-widget-wrap elementor-element-populated\">\n\t\t\t\t\t\t<div class=\"elementor-element elementor-element-3ab762b elementor-widget elementor-widget-heading\" data-id=\"3ab762b\" data-element_type=\"widget\" data-widget_type=\"heading.default\">\n\t\t\t\t<div class=\"elementor-widget-container\">\n\t\t\t\t\t<h2 class=\"elementor-heading-title elementor-size-default\">Makine ve Aparat \u0130malat\u0131<\/h2>\t\t\t\t<\/div>\n\t\t\t\t<\/div>\n\t\t\t\t\t<\/div>\n\t\t<\/div>\n\t\t\t\t\t<\/div>\n\t\t<\/section>\n\t\t\t\t<section class=\"elementor-section elementor-top-section elementor-element elementor-element-ccd40d7 elementor-section-boxed elementor-section-height-default elementor-section-height-default\" data-id=\"ccd40d7\" data-element_type=\"section\">\n\t\t\t\t\t\t<div class=\"elementor-container elementor-column-gap-default\">\n\t\t\t\t\t<div class=\"elementor-column elementor-col-50 elementor-top-column elementor-element elementor-element-bf0e63b\" data-id=\"bf0e63b\" data-element_type=\"column\">\n\t\t\t<div class=\"elementor-widget-wrap elementor-element-populated\">\n\t\t\t\t\t\t<div class=\"elementor-element elementor-element-0e9639b elementor-widget elementor-widget-text-editor\" data-id=\"0e9639b\" data-element_type=\"widget\" data-widget_type=\"text-editor.default\">\n\t\t\t\t<div class=\"elementor-widget-container\">\n\t\t\t\t\t\t\t\t\t<div class=\"bauer-text clearfix\"><p><strong>Moban Makine ve Otomasyon<\/strong> olarak, end\u00fcstriyel s\u00fcre\u00e7lerinizi optimize edecek, \u00f6zel makine ve aparat tasar\u0131m ve imalat \u00e7\u00f6z\u00fcmleri sunuyoruz. Y\u00fcksek kaliteli \u00fcretim, yenilik\u00e7i m\u00fchendislik ve m\u00fc\u015fteri odakl\u0131 yakla\u015f\u0131mlar\u0131m\u0131zla, i\u015f s\u00fcre\u00e7lerinizi h\u0131zland\u0131r\u0131yor, verimlili\u011finizi art\u0131r\u0131yoruz. Alan\u0131nda uzman ekibimizle, ihtiya\u00e7lar\u0131n\u0131za \u00f6zel projeler geli\u015ftiriyor ve en ileri teknolojiyi kullanarak projelerinizi hayata ge\u00e7iriyoruz.<\/p><\/div>\t\t\t\t\t\t\t\t<\/div>\n\t\t\t\t<\/div>\n\t\t\t\t<div class=\"elementor-element elementor-element-6350e7a elementor-widget elementor-widget-heading\" data-id=\"6350e7a\" data-element_type=\"widget\" data-widget_type=\"heading.default\">\n\t\t\t\t<div class=\"elementor-widget-container\">\n\t\t\t\t\t<h4 class=\"elementor-heading-title elementor-size-default\">\u00d6zel Makine ve Aparat Tasar\u0131m &amp; \u0130malat\u0131<\/h4>\t\t\t\t<\/div>\n\t\t\t\t<\/div>\n\t\t\t\t<div class=\"elementor-element elementor-element-4214f03 elementor-widget elementor-widget-text-editor\" data-id=\"4214f03\" data-element_type=\"widget\" data-widget_type=\"text-editor.default\">\n\t\t\t\t<div class=\"elementor-widget-container\">\n\t\t\t\t\t\t\t\t\t<div class=\"bauer-text clearfix\"><p>\u0130htiya\u00e7lar\u0131n\u0131za \u00f6zel olarak geli\u015ftirilen makineler ve aparatlar, operasyonlar\u0131n\u0131zda maksimum verimlilik ve performans sa\u011flar. Tasar\u0131m a\u015famas\u0131ndan itibaren detayl\u0131 analizlerle gereksinimlerinizi tespit ediyor ve size en uygun \u00e7\u00f6z\u00fcmleri sunuyoruz. M\u00fc\u015fteri taleplerine g\u00f6re \u00f6zg\u00fcn projeler \u00fcretip, tasar\u0131m ve imalat s\u00fcrecinin her a\u015famas\u0131nda sizinle birlikte \u00e7al\u0131\u015f\u0131yoruz.<\/p><\/div>\t\t\t\t\t\t\t\t<\/div>\n\t\t\t\t<\/div>\n\t\t\t\t<div class=\"elementor-element elementor-element-861add5 elementor-widget elementor-widget-heading\" data-id=\"861add5\" data-element_type=\"widget\" data-widget_type=\"heading.default\">\n\t\t\t\t<div class=\"elementor-widget-container\">\n\t\t\t\t\t<h4 class=\"elementor-heading-title elementor-size-default\">Yedek Par\u00e7a \u0130malat\u0131 &amp; Tedari\u011fi<\/h4>\t\t\t\t<\/div>\n\t\t\t\t<\/div>\n\t\t\t\t<div class=\"elementor-element elementor-element-3d91299 elementor-widget elementor-widget-text-editor\" data-id=\"3d91299\" data-element_type=\"widget\" data-widget_type=\"text-editor.default\">\n\t\t\t\t<div class=\"elementor-widget-container\">\n\t\t\t\t\t\t\t\t\t<div class=\"bauer-text clearfix\"><p>Makine ve \u00fcretim hatt\u0131n\u0131z\u0131n kesintisiz \u00e7al\u0131\u015fmas\u0131 i\u00e7in ihtiya\u00e7 duydu\u011funuz yedek par\u00e7alar\u0131, kaliteli ve uygun maliyetlerle \u00fcretiyor ve tedarik ediyoruz. \u00d6zel \u00fcretim ve standart yedek par\u00e7alar, alan\u0131nda uzman kadromuz taraf\u0131ndan hassas m\u00fchendislik prensipleriyle tasarlanmakta ve \u00fcretilmektedir. Yedek par\u00e7a tedari\u011fi konusunda h\u0131zl\u0131 ve g\u00fcvenilir hizmet sa\u011fl\u0131yoruz.<\/p><\/div>\t\t\t\t\t\t\t\t<\/div>\n\t\t\t\t<\/div>\n\t\t\t\t<div class=\"elementor-element elementor-element-8024ace elementor-widget elementor-widget-heading\" data-id=\"8024ace\" data-element_type=\"widget\" data-widget_type=\"heading.default\">\n\t\t\t\t<div class=\"elementor-widget-container\">\n\t\t\t\t\t<h4 class=\"elementor-heading-title elementor-size-default\">Prototip ve Pilot \u00dcretim<\/h4>\t\t\t\t<\/div>\n\t\t\t\t<\/div>\n\t\t\t\t<div class=\"elementor-element elementor-element-b9a72ff elementor-widget elementor-widget-text-editor\" data-id=\"b9a72ff\" data-element_type=\"widget\" data-widget_type=\"text-editor.default\">\n\t\t\t\t<div class=\"elementor-widget-container\">\n\t\t\t\t\t\t\t\t\t<div class=\"bauer-text clearfix\"><p>Yeni \u00fcr\u00fcn fikirlerinizi hayata ge\u00e7irmeden \u00f6nce prototip ve pilot \u00fcretim hizmetlerimizle yan\u0131n\u0131zday\u0131z. Geli\u015ftirdi\u011fimiz prototipler, nihai \u00fcr\u00fcn\u00fcn\u00fcz\u00fcn \u00fcretim s\u00fcrecini optimize etmenize ve zaman kazand\u0131rman\u0131za yard\u0131mc\u0131 olur. H\u0131zl\u0131 ve g\u00fcvenilir prototip \u00fcretim s\u00fcre\u00e7lerimizle, \u00fcr\u00fcnlerinizi pazara daha h\u0131zl\u0131 sunabilirsiniz.<\/p><\/div>\t\t\t\t\t\t\t\t<\/div>\n\t\t\t\t<\/div>\n\t\t\t\t<div class=\"elementor-element elementor-element-df587c4 elementor-widget elementor-widget-heading\" data-id=\"df587c4\" data-element_type=\"widget\" data-widget_type=\"heading.default\">\n\t\t\t\t<div class=\"elementor-widget-container\">\n\t\t\t\t\t<h4 class=\"elementor-heading-title elementor-size-default\">Montaj ve Kurulum Hizmetleri<\/h4>\t\t\t\t<\/div>\n\t\t\t\t<\/div>\n\t\t\t\t<div class=\"elementor-element elementor-element-98c6b8b elementor-widget elementor-widget-text-editor\" data-id=\"98c6b8b\" data-element_type=\"widget\" data-widget_type=\"text-editor.default\">\n\t\t\t\t<div class=\"elementor-widget-container\">\n\t\t\t\t\t\t\t\t\t<div class=\"bauer-text clearfix\"><p>Makine ve aparatlar\u0131n montaj ve kurulum s\u00fcre\u00e7lerinde profesyonel destek sunuyoruz. Uzman ekibimiz, kurulum a\u015famas\u0131nda en ince detay\u0131 bile g\u00f6z \u00f6n\u00fcnde bulundurarak, makinelerinizin sorunsuz \u00e7al\u0131\u015fmas\u0131n\u0131 sa\u011fl\u0131yor. Kurulum sonras\u0131 destek hizmetlerimizle de her zaman yan\u0131n\u0131zday\u0131z.<\/p><\/div>\t\t\t\t\t\t\t\t<\/div>\n\t\t\t\t<\/div>\n\t\t\t\t<div class=\"elementor-element elementor-element-ff05728 elementor-widget elementor-widget-heading\" data-id=\"ff05728\" data-element_type=\"widget\" data-widget_type=\"heading.default\">\n\t\t\t\t<div class=\"elementor-widget-container\">\n\t\t\t\t\t<h4 class=\"elementor-heading-title elementor-size-default\">Mevcut Makine Modernizasyonu<\/h4>\t\t\t\t<\/div>\n\t\t\t\t<\/div>\n\t\t\t\t<div class=\"elementor-element elementor-element-8076ab2 elementor-widget elementor-widget-text-editor\" data-id=\"8076ab2\" data-element_type=\"widget\" data-widget_type=\"text-editor.default\">\n\t\t\t\t<div class=\"elementor-widget-container\">\n\t\t\t\t\t\t\t\t\t<div class=\"bauer-text clearfix\"><p>\u00dcretim hatt\u0131n\u0131zda kullan\u0131lan eski makinelerinizin modernizasyonunu ger\u00e7ekle\u015ftirerek, performanslar\u0131n\u0131 art\u0131r\u0131yoruz. Makinelerinizi g\u00fcncel teknolojilerle donat\u0131yor, enerji verimlili\u011fini art\u0131r\u0131yor ve i\u015f s\u00fcre\u00e7lerinizi daha verimli hale getiriyoruz. Modernizasyon hizmetlerimiz, maliyetlerinizi azalt\u0131rken, \u00fcretim kapasitenizi art\u0131rman\u0131za yard\u0131mc\u0131 olur.<\/p><\/div>\t\t\t\t\t\t\t\t<\/div>\n\t\t\t\t<\/div>\n\t\t\t\t<div class=\"elementor-element elementor-element-9d0492b elementor-widget elementor-widget-heading\" data-id=\"9d0492b\" data-element_type=\"widget\" data-widget_type=\"heading.default\">\n\t\t\t\t<div class=\"elementor-widget-container\">\n\t\t\t\t\t<h4 class=\"elementor-heading-title elementor-size-default\">Makine Bak\u0131m ve Onar\u0131m<\/h4>\t\t\t\t<\/div>\n\t\t\t\t<\/div>\n\t\t\t\t<div class=\"elementor-element elementor-element-3c4a904 elementor-widget elementor-widget-text-editor\" data-id=\"3c4a904\" data-element_type=\"widget\" data-widget_type=\"text-editor.default\">\n\t\t\t\t<div class=\"elementor-widget-container\">\n\t\t\t\t\t\t\t\t\t<div class=\"bauer-text clearfix\"><p>Makinelerinizin sorunsuz \u00e7al\u0131\u015fmas\u0131 i\u00e7in d\u00fczenli bak\u0131m hizmetleri sunuyoruz. Ayr\u0131ca, olu\u015fabilecek ar\u0131zalar i\u00e7in h\u0131zl\u0131 onar\u0131m \u00e7\u00f6z\u00fcmlerimizle, \u00fcretim kesintilerini minimum seviyede tutuyoruz. Bak\u0131m ve onar\u0131m s\u00fcre\u00e7lerinde, deneyimli teknisyenlerimiz en k\u0131sa s\u00fcrede gerekli m\u00fcdahaleyi yaparak makinelerinizin \u00e7al\u0131\u015f\u0131r durumda kalmas\u0131n\u0131 sa\u011fl\u0131yor.<\/p><\/div>\t\t\t\t\t\t\t\t<\/div>\n\t\t\t\t<\/div>\n\t\t\t\t\t<\/div>\n\t\t<\/div>\n\t\t\t\t<div class=\"elementor-column elementor-col-50 elementor-top-column elementor-element elementor-element-62dc702\" data-id=\"62dc702\" data-element_type=\"column\">\n\t\t\t<div class=\"elementor-widget-wrap elementor-element-populated\">\n\t\t\t\t\t\t<div class=\"elementor-element elementor-element-c8d8fa6 elementor-widget elementor-widget-image\" data-id=\"c8d8fa6\" data-element_type=\"widget\" data-widget_type=\"image.default\">\n\t\t\t\t<div class=\"elementor-widget-container\">\n\t\t\t\t\t\t\t\t\t\t\t\t\t\t\t<img fetchpriority=\"high\" decoding=\"async\" width=\"750\" height=\"900\" src=\"https:\/\/mobantr.com\/wp-content\/uploads\/2025\/01\/makine-otomasyon-tamir.jpg\" class=\"attachment-large size-large wp-image-10980\" alt=\"\" srcset=\"https:\/\/mobantr.com\/wp-content\/uploads\/2025\/01\/makine-otomasyon-tamir.jpg 750w, https:\/\/mobantr.com\/wp-content\/uploads\/2025\/01\/makine-otomasyon-tamir-640x768.jpg 640w, https:\/\/mobantr.com\/wp-content\/uploads\/2025\/01\/makine-otomasyon-tamir-10x12.jpg 10w, https:\/\/mobantr.com\/wp-content\/uploads\/2025\/01\/makine-otomasyon-tamir-480x576.jpg 480w, https:\/\/mobantr.com\/wp-content\/uploads\/2025\/01\/makine-otomasyon-tamir-230x276.jpg 230w, https:\/\/mobantr.com\/wp-content\/uploads\/2025\/01\/makine-otomasyon-tamir-350x420.jpg 350w\" sizes=\"(max-width: 750px) 100vw, 750px\" \/>\t\t\t\t\t\t\t\t\t\t\t\t\t\t\t<\/div>\n\t\t\t\t<\/div>\n\t\t\t\t\t<\/div>\n\t\t<\/div>\n\t\t\t\t\t<\/div>\n\t\t<\/section>\n\t\t\t\t<\/div>","protected":false},"excerpt":{"rendered":"<p>Makine ve Aparat \u0130malat\u0131 Moban Makine ve Otomasyon olarak, end\u00fcstriyel s\u00fcre\u00e7lerinizi optimize edecek, \u00f6zel [&hellip;]<\/p>","protected":false},"author":1,"featured_media":0,"parent":0,"menu_order":0,"comment_status":"closed","ping_status":"closed","template":"elementor_header_footer","meta":{"footnotes":""},"class_list":["post-10900","page","type-page","status-publish","hentry"],"_links":{"self":[{"href":"https:\/\/mobantr.com\/en\/wp-json\/wp\/v2\/pages\/10900"}],"collection":[{"href":"https:\/\/mobantr.com\/en\/wp-json\/wp\/v2\/pages"}],"about":[{"href":"https:\/\/mobantr.com\/en\/wp-json\/wp\/v2\/types\/page"}],"author":[{"embeddable":true,"href":"https:\/\/mobantr.com\/en\/wp-json\/wp\/v2\/users\/1"}],"replies":[{"embeddable":true,"href":"https:\/\/mobantr.com\/en\/wp-json\/wp\/v2\/comments?post=10900"}],"version-history":[{"count":13,"href":"https:\/\/mobantr.com\/en\/wp-json\/wp\/v2\/pages\/10900\/revisions"}],"predecessor-version":[{"id":10983,"href":"https:\/\/mobantr.com\/en\/wp-json\/wp\/v2\/pages\/10900\/revisions\/10983"}],"wp:attachment":[{"href":"https:\/\/mobantr.com\/en\/wp-json\/wp\/v2\/media?parent=10900"}],"curies":[{"name":"wp","href":"https:\/\/api.w.org\/{rel}","templated":true}]}}