{"id":11069,"date":"2025-09-08T19:15:18","date_gmt":"2025-09-08T16:15:18","guid":{"rendered":"https:\/\/mobantr.com\/?page_id=11069"},"modified":"2025-09-08T19:29:51","modified_gmt":"2025-09-08T16:29:51","slug":"konveyor-sistemler","status":"publish","type":"page","link":"https:\/\/mobantr.com\/en\/konveyor-sistemler\/","title":{"rendered":"Conveyor Systems"},"content":{"rendered":"<div data-elementor-type=\"wp-page\" data-elementor-id=\"11069\" class=\"elementor elementor-11069\">\n\t\t\t\t\t\t<section class=\"elementor-section elementor-top-section elementor-element elementor-element-3724777 elementor-section-full_width elementor-section-height-default elementor-section-height-default\" data-id=\"3724777\" data-element_type=\"section\" data-settings=\"{&quot;background_background&quot;:&quot;classic&quot;}\">\n\t\t\t\t\t\t\t<div class=\"elementor-background-overlay\"><\/div>\n\t\t\t\t\t\t\t<div class=\"elementor-container elementor-column-gap-default\">\n\t\t\t\t\t<div class=\"elementor-column elementor-col-100 elementor-top-column elementor-element elementor-element-d9d64cc\" data-id=\"d9d64cc\" data-element_type=\"column\">\n\t\t\t<div class=\"elementor-widget-wrap elementor-element-populated\">\n\t\t\t\t\t\t<div class=\"elementor-element elementor-element-3ab762b elementor-widget elementor-widget-heading\" data-id=\"3ab762b\" data-element_type=\"widget\" data-widget_type=\"heading.default\">\n\t\t\t\t<div class=\"elementor-widget-container\">\n\t\t\t\t\t<h2 class=\"elementor-heading-title elementor-size-default\">Conveyor Systems<\/h2>\t\t\t\t<\/div>\n\t\t\t\t<\/div>\n\t\t\t\t\t<\/div>\n\t\t<\/div>\n\t\t\t\t\t<\/div>\n\t\t<\/section>\n\t\t\t\t<section class=\"elementor-section elementor-top-section elementor-element elementor-element-ccd40d7 elementor-section-boxed elementor-section-height-default elementor-section-height-default\" data-id=\"ccd40d7\" data-element_type=\"section\">\n\t\t\t\t\t\t<div class=\"elementor-container elementor-column-gap-default\">\n\t\t\t\t\t<div class=\"elementor-column elementor-col-50 elementor-top-column elementor-element elementor-element-bf0e63b\" data-id=\"bf0e63b\" data-element_type=\"column\">\n\t\t\t<div class=\"elementor-widget-wrap elementor-element-populated\">\n\t\t\t\t\t\t<div class=\"elementor-element elementor-element-0e9639b elementor-widget elementor-widget-text-editor\" data-id=\"0e9639b\" data-element_type=\"widget\" data-widget_type=\"text-editor.default\">\n\t\t\t\t<div class=\"elementor-widget-container\">\n\t\t\t\t\t\t\t\t\t<div class=\"bauer-text clearfix\"><p>Moban Makine &amp; Otomasyon olarak, end\u00fcstriyel \u00fcretim s\u00fcre\u00e7lerinde verimlilik ve s\u00fcreklili\u011fi art\u0131ran <strong data-start=\"424\" data-end=\"447\">konvey\u00f6r sistemleri<\/strong> tasarl\u0131yor, \u00fcretiyor ve devreye al\u0131yoruz. Y\u00fck ta\u015f\u0131ma, malzeme ak\u0131\u015f\u0131 veya \u00fcretim hatt\u0131 entegrasyonu fark etmeksizin, i\u015fletmenizin ihtiyac\u0131na en uygun \u00e7\u00f6z\u00fcm\u00fc sunuyoruz. G\u00fcvenilirlik, dayan\u0131kl\u0131l\u0131k ve esneklik prensipleriyle geli\u015ftirdi\u011fimiz <strong data-start=\"685\" data-end=\"712\">\u00f6zel konvey\u00f6r \u00e7\u00f6z\u00fcmleri<\/strong>, \u00fcretim s\u00fcre\u00e7lerinizde zamandan ve maliyetten tasarruf etmenize yard\u0131mc\u0131 olur.<\/p><\/div>\t\t\t\t\t\t\t\t<\/div>\n\t\t\t\t<\/div>\n\t\t\t\t<div class=\"elementor-element elementor-element-6350e7a elementor-widget elementor-widget-heading\" data-id=\"6350e7a\" data-element_type=\"widget\" data-widget_type=\"heading.default\">\n\t\t\t\t<div class=\"elementor-widget-container\">\n\t\t\t\t\t<h4 class=\"elementor-heading-title elementor-size-default\">Projelendirme ve Tasar\u0131m<\/h4>\t\t\t\t<\/div>\n\t\t\t\t<\/div>\n\t\t\t\t<div class=\"elementor-element elementor-element-4214f03 elementor-widget elementor-widget-text-editor\" data-id=\"4214f03\" data-element_type=\"widget\" data-widget_type=\"text-editor.default\">\n\t\t\t\t<div class=\"elementor-widget-container\">\n\t\t\t\t\t\t\t\t\t<div class=\"bauer-text clearfix\"><p>Konvey\u00f6r sistemleri her sekt\u00f6r i\u00e7in farkl\u0131 beklentiler i\u00e7erir. \u0130htiya\u00e7 analizi yaparak ta\u015f\u0131ma kapasitesi, hat uzunlu\u011fu, h\u0131z kontrol\u00fc ve otomasyon gereksinimlerini belirliyoruz. Ard\u0131ndan CAD destekli tasar\u0131m s\u00fcre\u00e7leri ile size \u00f6zel, \u00f6l\u00e7eklenebilir ve verimli konvey\u00f6r projeleri haz\u0131rl\u0131yoruz.<\/p><\/div>\t\t\t\t\t\t\t\t<\/div>\n\t\t\t\t<\/div>\n\t\t\t\t<div class=\"elementor-element elementor-element-861add5 elementor-widget elementor-widget-heading\" data-id=\"861add5\" data-element_type=\"widget\" data-widget_type=\"heading.default\">\n\t\t\t\t<div class=\"elementor-widget-container\">\n\t\t\t\t\t<h4 class=\"elementor-heading-title elementor-size-default\">Montaj ve Devreye Alma<\/h4>\t\t\t\t<\/div>\n\t\t\t\t<\/div>\n\t\t\t\t<div class=\"elementor-element elementor-element-3d91299 elementor-widget elementor-widget-text-editor\" data-id=\"3d91299\" data-element_type=\"widget\" data-widget_type=\"text-editor.default\">\n\t\t\t\t<div class=\"elementor-widget-container\">\n\t\t\t\t\t\t\t\t\t<p>Konvey\u00f6r sistemlerinizin montaj\u0131n\u0131 alan\u0131nda uzman ekibimiz sahada ger\u00e7ekle\u015ftirir. Montaj sonras\u0131 testler ve deneme \u00fcretimleriyle sistemin kusursuz \u00e7al\u0131\u015ft\u0131\u011f\u0131ndan emin oluyoruz. Devreye alma s\u00fcrecinde operat\u00f6rlerinize kullan\u0131m e\u011fitimi de veriyoruz.<\/p>\t\t\t\t\t\t\t\t<\/div>\n\t\t\t\t<\/div>\n\t\t\t\t<div class=\"elementor-element elementor-element-8024ace elementor-widget elementor-widget-heading\" data-id=\"8024ace\" data-element_type=\"widget\" data-widget_type=\"heading.default\">\n\t\t\t\t<div class=\"elementor-widget-container\">\n\t\t\t\t\t<h4 class=\"elementor-heading-title elementor-size-default\">Otomasyon ve Entegrasyon<\/h4>\t\t\t\t<\/div>\n\t\t\t\t<\/div>\n\t\t\t\t<div class=\"elementor-element elementor-element-b9a72ff elementor-widget elementor-widget-text-editor\" data-id=\"b9a72ff\" data-element_type=\"widget\" data-widget_type=\"text-editor.default\">\n\t\t\t\t<div class=\"elementor-widget-container\">\n\t\t\t\t\t\t\t\t\t<p>Modern end\u00fcstride sadece ta\u015f\u0131ma de\u011fil, <strong data-start=\"1830\" data-end=\"1847\">ak\u0131ll\u0131 \u00fcretim<\/strong> de \u00f6nemlidir. Konvey\u00f6rlerinizi sens\u00f6rler, PLC kontrol sistemleri, h\u0131z ayar \u00fcniteleri ve yaz\u0131l\u0131mlar ile entegre ederek s\u00fcrecinizi otomatik hale getiriyoruz. B\u00f6ylece hatalar\u0131n\u0131 minimize eden, verimlili\u011fi art\u0131ran tam entegre \u00e7\u00f6z\u00fcmler elde ediyorsunuz.<\/p>\t\t\t\t\t\t\t\t<\/div>\n\t\t\t\t<\/div>\n\t\t\t\t<div class=\"elementor-element elementor-element-df587c4 elementor-widget elementor-widget-heading\" data-id=\"df587c4\" data-element_type=\"widget\" data-widget_type=\"heading.default\">\n\t\t\t\t<div class=\"elementor-widget-container\">\n\t\t\t\t\t<h4 class=\"elementor-heading-title elementor-size-default\">Bak\u0131m ve Teknik Destek<\/h4>\t\t\t\t<\/div>\n\t\t\t\t<\/div>\n\t\t\t\t<div class=\"elementor-element elementor-element-98c6b8b elementor-widget elementor-widget-text-editor\" data-id=\"98c6b8b\" data-element_type=\"widget\" data-widget_type=\"text-editor.default\">\n\t\t\t\t<div class=\"elementor-widget-container\">\n\t\t\t\t\t\t\t\t\t<p>Sistemlerinizin uzun s\u00fcre sorunsuz \u00e7al\u0131\u015fabilmesi i\u00e7in periyodik bak\u0131m hizmeti sunuyoruz. D\u00fczenli bak\u0131m ile beklenmedik ar\u0131zalar\u0131n \u00f6n\u00fcne ge\u00e7iyor, \u00fcretim kay\u0131plar\u0131n\u0131z\u0131 minimuma indiriyoruz. Ayr\u0131ca acil durumlarda h\u0131zl\u0131 teknik servis ekibimizle 7\/24 destek sa\u011fl\u0131yoruz.<\/p>\t\t\t\t\t\t\t\t<\/div>\n\t\t\t\t<\/div>\n\t\t\t\t<div class=\"elementor-element elementor-element-9d82410 elementor-widget elementor-widget-heading\" data-id=\"9d82410\" data-element_type=\"widget\" data-widget_type=\"heading.default\">\n\t\t\t\t<div class=\"elementor-widget-container\">\n\t\t\t\t\t<h4 class=\"elementor-heading-title elementor-size-default\">Yedek Par\u00e7a ve Modernizasyon<\/h4>\t\t\t\t<\/div>\n\t\t\t\t<\/div>\n\t\t\t\t<div class=\"elementor-element elementor-element-c37de62 elementor-widget elementor-widget-text-editor\" data-id=\"c37de62\" data-element_type=\"widget\" data-widget_type=\"text-editor.default\">\n\t\t\t\t<div class=\"elementor-widget-container\">\n\t\t\t\t\t\t\t\t\t<p>Zamanla y\u0131pranan konvey\u00f6r par\u00e7alar\u0131n\u0131 orijinal yedeklerle de\u011fi\u015ftiriyoruz. Bunun yan\u0131 s\u0131ra mevcut konvey\u00f6r hatlar\u0131n\u0131z\u0131 modernize ederek yeni teknolojiye uygun hale getiriyoruz. B\u00f6ylece eski sistemlerinizi tamamen de\u011fi\u015ftirmeden, daha y\u00fcksek performans elde etmenize olanak tan\u0131yoruz.<\/p>\t\t\t\t\t\t\t\t<\/div>\n\t\t\t\t<\/div>\n\t\t\t\t<div class=\"elementor-element elementor-element-0bf1300 elementor-align-center elementor-widget elementor-widget-button\" data-id=\"0bf1300\" data-element_type=\"widget\" data-widget_type=\"button.default\">\n\t\t\t\t<div class=\"elementor-widget-container\">\n\t\t\t\t\t\t\t\t\t<div class=\"elementor-button-wrapper\">\n\t\t\t\t\t<a class=\"elementor-button elementor-button-link elementor-size-sm\" href=\"https:\/\/mobantr.com\/en\/iletisim\/\">\n\t\t\t\t\t\t<span class=\"elementor-button-content-wrapper\">\n\t\t\t\t\t\t<span class=\"elementor-button-icon\">\n\t\t\t\t<i aria-hidden=\"true\" class=\"fas fa-phone-alt\"><\/i>\t\t\t<\/span>\n\t\t\t\t\t\t\t\t\t<span class=\"elementor-button-text\">Contact<\/span>\n\t\t\t\t\t<\/span>\n\t\t\t\t\t<\/a>\n\t\t\t\t<\/div>\n\t\t\t\t\t\t\t\t<\/div>\n\t\t\t\t<\/div>\n\t\t\t\t\t<\/div>\n\t\t<\/div>\n\t\t\t\t<div class=\"elementor-column elementor-col-50 elementor-top-column elementor-element elementor-element-62dc702\" data-id=\"62dc702\" data-element_type=\"column\">\n\t\t\t<div class=\"elementor-widget-wrap elementor-element-populated\">\n\t\t\t\t\t\t<div class=\"elementor-element elementor-element-c8d8fa6 elementor-widget elementor-widget-image\" data-id=\"c8d8fa6\" data-element_type=\"widget\" data-widget_type=\"image.default\">\n\t\t\t\t<div class=\"elementor-widget-container\">\n\t\t\t\t\t\t\t\t\t\t\t\t\t\t\t<img fetchpriority=\"high\" decoding=\"async\" width=\"1170\" height=\"638\" src=\"https:\/\/mobantr.com\/wp-content\/uploads\/2025\/09\/konveyor_sistemler-1280x698.jpg\" class=\"attachment-large size-large wp-image-11075\" alt=\"\" srcset=\"https:\/\/mobantr.com\/wp-content\/uploads\/2025\/09\/konveyor_sistemler-1280x698.jpg 1280w, https:\/\/mobantr.com\/wp-content\/uploads\/2025\/09\/konveyor_sistemler-640x349.jpg 640w, https:\/\/mobantr.com\/wp-content\/uploads\/2025\/09\/konveyor_sistemler-768x419.jpg 768w, https:\/\/mobantr.com\/wp-content\/uploads\/2025\/09\/konveyor_sistemler-18x10.jpg 18w, https:\/\/mobantr.com\/wp-content\/uploads\/2025\/09\/konveyor_sistemler-870x475.jpg 870w, https:\/\/mobantr.com\/wp-content\/uploads\/2025\/09\/konveyor_sistemler-480x262.jpg 480w, https:\/\/mobantr.com\/wp-content\/uploads\/2025\/09\/konveyor_sistemler-1000x545.jpg 1000w, https:\/\/mobantr.com\/wp-content\/uploads\/2025\/09\/konveyor_sistemler-230x125.jpg 230w, https:\/\/mobantr.com\/wp-content\/uploads\/2025\/09\/konveyor_sistemler-350x191.jpg 350w, https:\/\/mobantr.com\/wp-content\/uploads\/2025\/09\/konveyor_sistemler.jpg 1408w\" sizes=\"(max-width: 1170px) 100vw, 1170px\" \/>\t\t\t\t\t\t\t\t\t\t\t\t\t\t\t<\/div>\n\t\t\t\t<\/div>\n\t\t\t\t\t<\/div>\n\t\t<\/div>\n\t\t\t\t\t<\/div>\n\t\t<\/section>\n\t\t\t\t<\/div>","protected":false},"excerpt":{"rendered":"<p>Konvey\u00f6r Sistemler Moban Makine &amp; Otomasyon olarak, end\u00fcstriyel \u00fcretim s\u00fcre\u00e7lerinde verimlilik ve s\u00fcreklili\u011fi art\u0131ran [&hellip;]<\/p>","protected":false},"author":1,"featured_media":0,"parent":0,"menu_order":0,"comment_status":"closed","ping_status":"closed","template":"elementor_header_footer","meta":{"footnotes":""},"class_list":["post-11069","page","type-page","status-publish","hentry"],"_links":{"self":[{"href":"https:\/\/mobantr.com\/en\/wp-json\/wp\/v2\/pages\/11069"}],"collection":[{"href":"https:\/\/mobantr.com\/en\/wp-json\/wp\/v2\/pages"}],"about":[{"href":"https:\/\/mobantr.com\/en\/wp-json\/wp\/v2\/types\/page"}],"author":[{"embeddable":true,"href":"https:\/\/mobantr.com\/en\/wp-json\/wp\/v2\/users\/1"}],"replies":[{"embeddable":true,"href":"https:\/\/mobantr.com\/en\/wp-json\/wp\/v2\/comments?post=11069"}],"version-history":[{"count":10,"href":"https:\/\/mobantr.com\/en\/wp-json\/wp\/v2\/pages\/11069\/revisions"}],"predecessor-version":[{"id":11083,"href":"https:\/\/mobantr.com\/en\/wp-json\/wp\/v2\/pages\/11069\/revisions\/11083"}],"wp:attachment":[{"href":"https:\/\/mobantr.com\/en\/wp-json\/wp\/v2\/media?parent=11069"}],"curies":[{"name":"wp","href":"https:\/\/api.w.org\/{rel}","templated":true}]}}