{"id":11090,"date":"2025-09-08T19:33:38","date_gmt":"2025-09-08T16:33:38","guid":{"rendered":"https:\/\/mobantr.com\/?page_id=11090"},"modified":"2025-09-08T19:38:42","modified_gmt":"2025-09-08T16:38:42","slug":"hidrolik-pnomatik-sistemler","status":"publish","type":"page","link":"https:\/\/mobantr.com\/en\/hidrolik-pnomatik-sistemler\/","title":{"rendered":"Hydraulic &amp; Pneumatic Systems"},"content":{"rendered":"<div data-elementor-type=\"wp-page\" data-elementor-id=\"11090\" class=\"elementor elementor-11090\">\n\t\t\t\t\t\t<section class=\"elementor-section elementor-top-section elementor-element elementor-element-3724777 elementor-section-full_width elementor-section-height-default elementor-section-height-default\" data-id=\"3724777\" data-element_type=\"section\" data-settings=\"{&quot;background_background&quot;:&quot;classic&quot;}\">\n\t\t\t\t\t\t\t<div class=\"elementor-background-overlay\"><\/div>\n\t\t\t\t\t\t\t<div class=\"elementor-container elementor-column-gap-default\">\n\t\t\t\t\t<div class=\"elementor-column elementor-col-100 elementor-top-column elementor-element elementor-element-d9d64cc\" data-id=\"d9d64cc\" data-element_type=\"column\">\n\t\t\t<div class=\"elementor-widget-wrap elementor-element-populated\">\n\t\t\t\t\t\t<div class=\"elementor-element elementor-element-3ab762b elementor-widget elementor-widget-heading\" data-id=\"3ab762b\" data-element_type=\"widget\" data-widget_type=\"heading.default\">\n\t\t\t\t<div class=\"elementor-widget-container\">\n\t\t\t\t\t<h2 class=\"elementor-heading-title elementor-size-default\">Hydraulic &amp; Pneumatic Systems<\/h2>\t\t\t\t<\/div>\n\t\t\t\t<\/div>\n\t\t\t\t\t<\/div>\n\t\t<\/div>\n\t\t\t\t\t<\/div>\n\t\t<\/section>\n\t\t\t\t<section class=\"elementor-section elementor-top-section elementor-element elementor-element-ccd40d7 elementor-section-boxed elementor-section-height-default elementor-section-height-default\" data-id=\"ccd40d7\" data-element_type=\"section\">\n\t\t\t\t\t\t<div class=\"elementor-container elementor-column-gap-default\">\n\t\t\t\t\t<div class=\"elementor-column elementor-col-50 elementor-top-column elementor-element elementor-element-bf0e63b\" data-id=\"bf0e63b\" data-element_type=\"column\">\n\t\t\t<div class=\"elementor-widget-wrap elementor-element-populated\">\n\t\t\t\t\t\t<div class=\"elementor-element elementor-element-0e9639b elementor-widget elementor-widget-text-editor\" data-id=\"0e9639b\" data-element_type=\"widget\" data-widget_type=\"text-editor.default\">\n\t\t\t\t<div class=\"elementor-widget-container\">\n\t\t\t\t\t\t\t\t\t<div class=\"bauer-text clearfix\"><p>Moban Makine &amp; Otomasyon olarak i\u015fletmelerin ihtiya\u00e7lar\u0131na \u00f6zel <strong data-start=\"422\" data-end=\"465\">hidrolik ve pn\u00f6matik sistem tasar\u0131mlar\u0131<\/strong> ger\u00e7ekle\u015ftiriyoruz. G\u00fc\u00e7 aktar\u0131m\u0131, hareket kontrol\u00fc ve \u00fcretim hatt\u0131 otomasyonu i\u00e7in geli\u015ftirdi\u011fimiz projeler, verimlili\u011finizi art\u0131r\u0131rken s\u00fcre\u00e7lerinizi daha g\u00fcvenli ve s\u00fcrd\u00fcr\u00fclebilir hale getirir.<\/p><\/div>\t\t\t\t\t\t\t\t<\/div>\n\t\t\t\t<\/div>\n\t\t\t\t<div class=\"elementor-element elementor-element-6350e7a elementor-widget elementor-widget-heading\" data-id=\"6350e7a\" data-element_type=\"widget\" data-widget_type=\"heading.default\">\n\t\t\t\t<div class=\"elementor-widget-container\">\n\t\t\t\t\t<h4 class=\"elementor-heading-title elementor-size-default\">Projelendirme ve Tasar\u0131m<\/h4>\t\t\t\t<\/div>\n\t\t\t\t<\/div>\n\t\t\t\t<div class=\"elementor-element elementor-element-4214f03 elementor-widget elementor-widget-text-editor\" data-id=\"4214f03\" data-element_type=\"widget\" data-widget_type=\"text-editor.default\">\n\t\t\t\t<div class=\"elementor-widget-container\">\n\t\t\t\t\t\t\t\t\t<div class=\"bauer-text clearfix\"><p>Her \u00fcretim hatt\u0131 farkl\u0131 dinamiklere sahiptir. Bu nedenle hidrolik ve pn\u00f6matik sistemleriniz i\u00e7in kapsaml\u0131 bir ihtiya\u00e7 analizi yap\u0131yor, uygulama alan\u0131na uygun devre \u015femalar\u0131 ve proje tasar\u0131mlar\u0131 haz\u0131rl\u0131yoruz. Bas\u0131n\u00e7 de\u011ferleri, ak\u0131\u015f kontrol\u00fc ve g\u00fcvenlik kriterlerini dikkate alarak size \u00f6zel \u00e7\u00f6z\u00fcmler sunuyoruz.<\/p><\/div>\t\t\t\t\t\t\t\t<\/div>\n\t\t\t\t<\/div>\n\t\t\t\t<div class=\"elementor-element elementor-element-861add5 elementor-widget elementor-widget-heading\" data-id=\"861add5\" data-element_type=\"widget\" data-widget_type=\"heading.default\">\n\t\t\t\t<div class=\"elementor-widget-container\">\n\t\t\t\t\t<h4 class=\"elementor-heading-title elementor-size-default\">\u00d6zel Proje Geli\u015ftirme<\/h4>\t\t\t\t<\/div>\n\t\t\t\t<\/div>\n\t\t\t\t<div class=\"elementor-element elementor-element-3d91299 elementor-widget elementor-widget-text-editor\" data-id=\"3d91299\" data-element_type=\"widget\" data-widget_type=\"text-editor.default\">\n\t\t\t\t<div class=\"elementor-widget-container\">\n\t\t\t\t\t\t\t\t\t<p>Standart sistemlerin \u00f6tesine ge\u00e7erek, tamamen i\u015fletmenizin gereksinimlerine g\u00f6re \u00f6zelle\u015ftirilmi\u015f hidrolik ve pn\u00f6matik projeler \u00fcretiyoruz. \u00dcretim hatt\u0131n\u0131za, makine park\u0131n\u0131za ve otomasyon altyap\u0131n\u0131za entegre olabilen, \u00f6l\u00e7eklenebilir \u00e7\u00f6z\u00fcmler geli\u015ftiriyoruz.<\/p>\t\t\t\t\t\t\t\t<\/div>\n\t\t\t\t<\/div>\n\t\t\t\t<div class=\"elementor-element elementor-element-8024ace elementor-widget elementor-widget-heading\" data-id=\"8024ace\" data-element_type=\"widget\" data-widget_type=\"heading.default\">\n\t\t\t\t<div class=\"elementor-widget-container\">\n\t\t\t\t\t<h4 class=\"elementor-heading-title elementor-size-default\">Otomasyon ve Entegrasyon<\/h4>\t\t\t\t<\/div>\n\t\t\t\t<\/div>\n\t\t\t\t<div class=\"elementor-element elementor-element-b9a72ff elementor-widget elementor-widget-text-editor\" data-id=\"b9a72ff\" data-element_type=\"widget\" data-widget_type=\"text-editor.default\">\n\t\t\t\t<div class=\"elementor-widget-container\">\n\t\t\t\t\t\t\t\t\t<p>Haz\u0131rlad\u0131\u011f\u0131m\u0131z hidrolik ve pn\u00f6matik sistemleri mevcut otomasyon altyap\u0131n\u0131za entegre ediyoruz. PLC kontroll\u00fc, sens\u00f6r destekli ve yaz\u0131l\u0131m tabanl\u0131 \u00e7\u00f6z\u00fcmler sayesinde sistemleriniz daha ak\u0131ll\u0131, verimli ve kontrol edilebilir hale gelir.<\/p>\t\t\t\t\t\t\t\t<\/div>\n\t\t\t\t<\/div>\n\t\t\t\t<div class=\"elementor-element elementor-element-df587c4 elementor-widget elementor-widget-heading\" data-id=\"df587c4\" data-element_type=\"widget\" data-widget_type=\"heading.default\">\n\t\t\t\t<div class=\"elementor-widget-container\">\n\t\t\t\t\t<h4 class=\"elementor-heading-title elementor-size-default\">Montaj ve Devreye Alma<\/h4>\t\t\t\t<\/div>\n\t\t\t\t<\/div>\n\t\t\t\t<div class=\"elementor-element elementor-element-98c6b8b elementor-widget elementor-widget-text-editor\" data-id=\"98c6b8b\" data-element_type=\"widget\" data-widget_type=\"text-editor.default\">\n\t\t\t\t<div class=\"elementor-widget-container\">\n\t\t\t\t\t\t\t\t\t<p>Projelerini tamamlad\u0131\u011f\u0131m\u0131z sistemlerin sahadaki montaj ve devreye alma s\u00fcre\u00e7lerini uzman ekibimiz y\u00fcr\u00fct\u00fcr. Montaj sonras\u0131 testlerle sistem performans\u0131n\u0131 kontrol eder, sorunsuz \u015fekilde kullan\u0131ma haz\u0131r hale getiririz.<\/p>\t\t\t\t\t\t\t\t<\/div>\n\t\t\t\t<\/div>\n\t\t\t\t<div class=\"elementor-element elementor-element-9d82410 elementor-widget elementor-widget-heading\" data-id=\"9d82410\" data-element_type=\"widget\" data-widget_type=\"heading.default\">\n\t\t\t\t<div class=\"elementor-widget-container\">\n\t\t\t\t\t<h4 class=\"elementor-heading-title elementor-size-default\">Yedek Par\u00e7a ve Modernizasyon<\/h4>\t\t\t\t<\/div>\n\t\t\t\t<\/div>\n\t\t\t\t<div class=\"elementor-element elementor-element-c37de62 elementor-widget elementor-widget-text-editor\" data-id=\"c37de62\" data-element_type=\"widget\" data-widget_type=\"text-editor.default\">\n\t\t\t\t<div class=\"elementor-widget-container\">\n\t\t\t\t\t\t\t\t\t<p>Mevcut hidrolik ve pn\u00f6matik sistemlerinizi g\u00fcncel teknolojiye uyarl\u0131yor, performans ve g\u00fcvenlik a\u00e7\u0131s\u0131ndan daha verimli hale getiriyoruz. Modernizasyon projeleriyle eski sistemlerinizi tamamen de\u011fi\u015ftirmeden i\u015flevselli\u011fini art\u0131r\u0131yoruz.<\/p>\t\t\t\t\t\t\t\t<\/div>\n\t\t\t\t<\/div>\n\t\t\t\t<div class=\"elementor-element elementor-element-0bf1300 elementor-align-center elementor-widget elementor-widget-button\" data-id=\"0bf1300\" data-element_type=\"widget\" data-widget_type=\"button.default\">\n\t\t\t\t<div class=\"elementor-widget-container\">\n\t\t\t\t\t\t\t\t\t<div class=\"elementor-button-wrapper\">\n\t\t\t\t\t<a class=\"elementor-button elementor-button-link elementor-size-sm\" href=\"https:\/\/mobantr.com\/en\/iletisim\/\">\n\t\t\t\t\t\t<span class=\"elementor-button-content-wrapper\">\n\t\t\t\t\t\t<span class=\"elementor-button-icon\">\n\t\t\t\t<i aria-hidden=\"true\" class=\"fas fa-phone-alt\"><\/i>\t\t\t<\/span>\n\t\t\t\t\t\t\t\t\t<span class=\"elementor-button-text\">Contact<\/span>\n\t\t\t\t\t<\/span>\n\t\t\t\t\t<\/a>\n\t\t\t\t<\/div>\n\t\t\t\t\t\t\t\t<\/div>\n\t\t\t\t<\/div>\n\t\t\t\t\t<\/div>\n\t\t<\/div>\n\t\t\t\t<div class=\"elementor-column elementor-col-50 elementor-top-column elementor-element elementor-element-62dc702\" data-id=\"62dc702\" data-element_type=\"column\">\n\t\t\t<div class=\"elementor-widget-wrap elementor-element-populated\">\n\t\t\t\t\t\t<div class=\"elementor-element elementor-element-c8d8fa6 elementor-widget elementor-widget-image\" data-id=\"c8d8fa6\" data-element_type=\"widget\" data-widget_type=\"image.default\">\n\t\t\t\t<div class=\"elementor-widget-container\">\n\t\t\t\t\t\t\t\t\t\t\t\t\t\t\t<img fetchpriority=\"high\" decoding=\"async\" width=\"1170\" height=\"638\" src=\"https:\/\/mobantr.com\/wp-content\/uploads\/2025\/09\/pnomatik_sistemler-1280x698.jpg\" class=\"attachment-large size-large wp-image-11093\" alt=\"\" srcset=\"https:\/\/mobantr.com\/wp-content\/uploads\/2025\/09\/pnomatik_sistemler-1280x698.jpg 1280w, https:\/\/mobantr.com\/wp-content\/uploads\/2025\/09\/pnomatik_sistemler-640x349.jpg 640w, https:\/\/mobantr.com\/wp-content\/uploads\/2025\/09\/pnomatik_sistemler-768x419.jpg 768w, https:\/\/mobantr.com\/wp-content\/uploads\/2025\/09\/pnomatik_sistemler-18x10.jpg 18w, https:\/\/mobantr.com\/wp-content\/uploads\/2025\/09\/pnomatik_sistemler-870x475.jpg 870w, https:\/\/mobantr.com\/wp-content\/uploads\/2025\/09\/pnomatik_sistemler-480x262.jpg 480w, https:\/\/mobantr.com\/wp-content\/uploads\/2025\/09\/pnomatik_sistemler-1000x545.jpg 1000w, https:\/\/mobantr.com\/wp-content\/uploads\/2025\/09\/pnomatik_sistemler-230x125.jpg 230w, https:\/\/mobantr.com\/wp-content\/uploads\/2025\/09\/pnomatik_sistemler-350x191.jpg 350w, https:\/\/mobantr.com\/wp-content\/uploads\/2025\/09\/pnomatik_sistemler.jpg 1408w\" sizes=\"(max-width: 1170px) 100vw, 1170px\" \/>\t\t\t\t\t\t\t\t\t\t\t\t\t\t\t<\/div>\n\t\t\t\t<\/div>\n\t\t\t\t\t<\/div>\n\t\t<\/div>\n\t\t\t\t\t<\/div>\n\t\t<\/section>\n\t\t\t\t<\/div>","protected":false},"excerpt":{"rendered":"<p>Hidrolik &amp; Pn\u00f6matik Sistemler Moban Makine &amp; Otomasyon olarak i\u015fletmelerin ihtiya\u00e7lar\u0131na \u00f6zel hidrolik ve [&hellip;]<\/p>","protected":false},"author":1,"featured_media":0,"parent":0,"menu_order":0,"comment_status":"closed","ping_status":"closed","template":"elementor_header_footer","meta":{"footnotes":""},"class_list":["post-11090","page","type-page","status-publish","hentry"],"_links":{"self":[{"href":"https:\/\/mobantr.com\/en\/wp-json\/wp\/v2\/pages\/11090"}],"collection":[{"href":"https:\/\/mobantr.com\/en\/wp-json\/wp\/v2\/pages"}],"about":[{"href":"https:\/\/mobantr.com\/en\/wp-json\/wp\/v2\/types\/page"}],"author":[{"embeddable":true,"href":"https:\/\/mobantr.com\/en\/wp-json\/wp\/v2\/users\/1"}],"replies":[{"embeddable":true,"href":"https:\/\/mobantr.com\/en\/wp-json\/wp\/v2\/comments?post=11090"}],"version-history":[{"count":4,"href":"https:\/\/mobantr.com\/en\/wp-json\/wp\/v2\/pages\/11090\/revisions"}],"predecessor-version":[{"id":11097,"href":"https:\/\/mobantr.com\/en\/wp-json\/wp\/v2\/pages\/11090\/revisions\/11097"}],"wp:attachment":[{"href":"https:\/\/mobantr.com\/en\/wp-json\/wp\/v2\/media?parent=11090"}],"curies":[{"name":"wp","href":"https:\/\/api.w.org\/{rel}","templated":true}]}}