{"id":9441,"date":"2020-04-26T16:03:11","date_gmt":"2020-04-26T13:03:11","guid":{"rendered":"http:\/\/www.mobantr.com\/?page_id=9441"},"modified":"2025-02-09T11:57:28","modified_gmt":"2025-02-09T08:57:28","slug":"alev-beki-flame-burner","status":"publish","type":"page","link":"https:\/\/mobantr.com\/en\/alev-beki-flame-burner\/","title":{"rendered":"Alev Beki \u0130malat\u0131 (Flame Burners)"},"content":{"rendered":"<div data-elementor-type=\"wp-page\" data-elementor-id=\"9441\" class=\"elementor elementor-9441\">\n\t\t\t\t\t\t<section class=\"elementor-section elementor-top-section elementor-element elementor-element-bbaed6a elementor-section-boxed elementor-section-height-default elementor-section-height-default\" data-id=\"bbaed6a\" data-element_type=\"section\">\n\t\t\t\t\t\t<div class=\"elementor-container elementor-column-gap-default\">\n\t\t\t\t\t<div class=\"elementor-column elementor-col-100 elementor-top-column elementor-element elementor-element-2d55f51\" data-id=\"2d55f51\" data-element_type=\"column\">\n\t\t\t<div class=\"elementor-widget-wrap elementor-element-populated\">\n\t\t\t\t\t\t<div class=\"elementor-element elementor-element-b100423 elementor-widget elementor-widget-heading\" data-id=\"b100423\" data-element_type=\"widget\" data-widget_type=\"heading.default\">\n\t\t\t\t<div class=\"elementor-widget-container\">\n\t\t\t\t\t<h2 class=\"elementor-heading-title elementor-size-default\">Flame Burners<\/h2>\t\t\t\t<\/div>\n\t\t\t\t<\/div>\n\t\t\t\t\t<\/div>\n\t\t<\/div>\n\t\t\t\t\t<\/div>\n\t\t<\/section>\n\t\t\t\t<section class=\"elementor-section elementor-top-section elementor-element elementor-element-3c9de40 elementor-section-boxed elementor-section-height-default elementor-section-height-default\" data-id=\"3c9de40\" data-element_type=\"section\">\n\t\t\t\t\t\t<div class=\"elementor-container elementor-column-gap-no\">\n\t\t\t\t\t<div class=\"elementor-column elementor-col-33 elementor-top-column elementor-element elementor-element-8434762\" data-id=\"8434762\" data-element_type=\"column\">\n\t\t\t<div class=\"elementor-widget-wrap elementor-element-populated\">\n\t\t\t\t\t<div class=\"elementor-background-overlay\"><\/div>\n\t\t\t\t\t\t<div class=\"elementor-element elementor-element-208f8d0 elementor-widget elementor-widget-image\" data-id=\"208f8d0\" data-element_type=\"widget\" data-widget_type=\"image.default\">\n\t\t\t\t<div class=\"elementor-widget-container\">\n\t\t\t\t\t\t\t\t\t\t\t\t\t\t\t<img fetchpriority=\"high\" decoding=\"async\" width=\"640\" height=\"640\" src=\"https:\/\/mobantr.com\/wp-content\/uploads\/2024\/04\/fs.jpg\" class=\"attachment-full size-full wp-image-10182\" alt=\"\" srcset=\"https:\/\/mobantr.com\/wp-content\/uploads\/2024\/04\/fs.jpg 640w, https:\/\/mobantr.com\/wp-content\/uploads\/2024\/04\/fs-160x160.jpg 160w, https:\/\/mobantr.com\/wp-content\/uploads\/2024\/04\/fs-12x12.jpg 12w, https:\/\/mobantr.com\/wp-content\/uploads\/2024\/04\/fs-600x600.jpg 600w, https:\/\/mobantr.com\/wp-content\/uploads\/2024\/04\/fs-480x480.jpg 480w, https:\/\/mobantr.com\/wp-content\/uploads\/2024\/04\/fs-230x230.jpg 230w, https:\/\/mobantr.com\/wp-content\/uploads\/2024\/04\/fs-350x350.jpg 350w\" sizes=\"(max-width: 640px) 100vw, 640px\" \/>\t\t\t\t\t\t\t\t\t\t\t\t\t\t\t<\/div>\n\t\t\t\t<\/div>\n\t\t\t\t\t<\/div>\n\t\t<\/div>\n\t\t\t\t<div class=\"elementor-column elementor-col-33 elementor-top-column elementor-element elementor-element-6852c02\" data-id=\"6852c02\" data-element_type=\"column\">\n\t\t\t<div class=\"elementor-widget-wrap elementor-element-populated\">\n\t\t\t\t\t<div class=\"elementor-background-overlay\"><\/div>\n\t\t\t\t\t\t<div class=\"elementor-element elementor-element-e6f19c8 elementor-widget elementor-widget-image\" data-id=\"e6f19c8\" data-element_type=\"widget\" data-widget_type=\"image.default\">\n\t\t\t\t<div class=\"elementor-widget-container\">\n\t\t\t\t\t\t\t\t\t\t\t\t\t\t\t<img decoding=\"async\" width=\"640\" height=\"640\" src=\"https:\/\/mobantr.com\/wp-content\/uploads\/2024\/04\/gd.jpg\" class=\"attachment-full size-full wp-image-10183\" alt=\"\" srcset=\"https:\/\/mobantr.com\/wp-content\/uploads\/2024\/04\/gd.jpg 640w, https:\/\/mobantr.com\/wp-content\/uploads\/2024\/04\/gd-160x160.jpg 160w, https:\/\/mobantr.com\/wp-content\/uploads\/2024\/04\/gd-12x12.jpg 12w, https:\/\/mobantr.com\/wp-content\/uploads\/2024\/04\/gd-600x600.jpg 600w, https:\/\/mobantr.com\/wp-content\/uploads\/2024\/04\/gd-480x480.jpg 480w, https:\/\/mobantr.com\/wp-content\/uploads\/2024\/04\/gd-230x230.jpg 230w, https:\/\/mobantr.com\/wp-content\/uploads\/2024\/04\/gd-350x350.jpg 350w\" sizes=\"(max-width: 640px) 100vw, 640px\" \/>\t\t\t\t\t\t\t\t\t\t\t\t\t\t\t<\/div>\n\t\t\t\t<\/div>\n\t\t\t\t\t<\/div>\n\t\t<\/div>\n\t\t\t\t<div class=\"elementor-column elementor-col-33 elementor-top-column elementor-element elementor-element-d9c9a50\" data-id=\"d9c9a50\" data-element_type=\"column\">\n\t\t\t<div class=\"elementor-widget-wrap elementor-element-populated\">\n\t\t\t\t\t<div class=\"elementor-background-overlay\"><\/div>\n\t\t\t\t\t\t<div class=\"elementor-element elementor-element-b12fb05 elementor-widget elementor-widget-image\" data-id=\"b12fb05\" data-element_type=\"widget\" data-widget_type=\"image.default\">\n\t\t\t\t<div class=\"elementor-widget-container\">\n\t\t\t\t\t\t\t\t\t\t\t\t\t\t\t<img decoding=\"async\" width=\"640\" height=\"640\" src=\"https:\/\/mobantr.com\/wp-content\/uploads\/2024\/04\/df.jpg\" class=\"attachment-large size-large wp-image-10184\" alt=\"\" srcset=\"https:\/\/mobantr.com\/wp-content\/uploads\/2024\/04\/df.jpg 640w, https:\/\/mobantr.com\/wp-content\/uploads\/2024\/04\/df-160x160.jpg 160w, https:\/\/mobantr.com\/wp-content\/uploads\/2024\/04\/df-12x12.jpg 12w, https:\/\/mobantr.com\/wp-content\/uploads\/2024\/04\/df-600x600.jpg 600w, https:\/\/mobantr.com\/wp-content\/uploads\/2024\/04\/df-480x480.jpg 480w, https:\/\/mobantr.com\/wp-content\/uploads\/2024\/04\/df-230x230.jpg 230w, https:\/\/mobantr.com\/wp-content\/uploads\/2024\/04\/df-350x350.jpg 350w\" sizes=\"(max-width: 640px) 100vw, 640px\" \/>\t\t\t\t\t\t\t\t\t\t\t\t\t\t\t<\/div>\n\t\t\t\t<\/div>\n\t\t\t\t\t<\/div>\n\t\t<\/div>\n\t\t\t\t\t<\/div>\n\t\t<\/section>\n\t\t\t\t<section class=\"elementor-section elementor-top-section elementor-element elementor-element-68a020a elementor-section-boxed elementor-section-height-default elementor-section-height-default\" data-id=\"68a020a\" data-element_type=\"section\">\n\t\t\t\t\t\t<div class=\"elementor-container elementor-column-gap-default\">\n\t\t\t\t\t<div class=\"elementor-column elementor-col-100 elementor-top-column elementor-element elementor-element-e549478\" data-id=\"e549478\" data-element_type=\"column\">\n\t\t\t<div class=\"elementor-widget-wrap elementor-element-populated\">\n\t\t\t\t\t\t<div class=\"elementor-element elementor-element-d203903 elementor-widget elementor-widget-text-editor\" data-id=\"d203903\" data-element_type=\"widget\" data-widget_type=\"text-editor.default\">\n\t\t\t\t<div class=\"elementor-widget-container\">\n\t\t\t\t\t\t\t\t\t<p class=\"translation-block\"><strong>Flame burners<\/strong> are used to shape glass tubes in the manufacture of <strong>medical ampoules and vials<\/strong>, and to close them again after filling in ampoule filling machines. There is a variety of raw materials such as brass, copper, Inox (stainless) that varies according to the production need.<\/p>\n<p>As Moban Makine, we produce in accordance with quality standards in accordance with your needs. You can download our catalog below and examine our models. You can also contact us for customized production.<\/p>\t\t\t\t\t\t\t\t<\/div>\n\t\t\t\t<\/div>\n\t\t\t\t\t<\/div>\n\t\t<\/div>\n\t\t\t\t\t<\/div>\n\t\t<\/section>\n\t\t\t\t<section class=\"elementor-section elementor-top-section elementor-element elementor-element-7010633 elementor-section-boxed elementor-section-height-default elementor-section-height-default\" data-id=\"7010633\" data-element_type=\"section\">\n\t\t\t\t\t\t<div class=\"elementor-container elementor-column-gap-default\">\n\t\t\t\t\t<div class=\"elementor-column elementor-col-100 elementor-top-column elementor-element elementor-element-8157a61\" data-id=\"8157a61\" data-element_type=\"column\" data-settings=\"{&quot;background_background&quot;:&quot;classic&quot;}\">\n\t\t\t<div class=\"elementor-widget-wrap elementor-element-populated\">\n\t\t\t\t\t<div class=\"elementor-background-overlay\"><\/div>\n\t\t\t\t\t\t<div class=\"elementor-element elementor-element-3ec87a8 elementor-widget-divider--view-line elementor-widget elementor-widget-divider\" data-id=\"3ec87a8\" data-element_type=\"widget\" data-widget_type=\"divider.default\">\n\t\t\t\t<div class=\"elementor-widget-container\">\n\t\t\t\t\t\t\t<div class=\"elementor-divider\">\n\t\t\t<span class=\"elementor-divider-separator\">\n\t\t\t\t\t\t<\/span>\n\t\t<\/div>\n\t\t\t\t\t\t<\/div>\n\t\t\t\t<\/div>\n\t\t\t\t<div class=\"elementor-element elementor-element-ed36a0e elementor-widget__width-initial elementor-view-default elementor-widget elementor-widget-icon\" data-id=\"ed36a0e\" data-element_type=\"widget\" data-widget_type=\"icon.default\">\n\t\t\t\t<div class=\"elementor-widget-container\">\n\t\t\t\t\t\t\t<div class=\"elementor-icon-wrapper\">\n\t\t\t<div class=\"elementor-icon\">\n\t\t\t<i aria-hidden=\"true\" class=\"fas fa-file-pdf\"><\/i>\t\t\t<\/div>\n\t\t<\/div>\n\t\t\t\t\t\t<\/div>\n\t\t\t\t<\/div>\n\t\t\t\t<div class=\"elementor-element elementor-element-689ab5a elementor-widget elementor-widget-heading\" data-id=\"689ab5a\" data-element_type=\"widget\" data-widget_type=\"heading.default\">\n\t\t\t\t<div class=\"elementor-widget-container\">\n\t\t\t\t\t<h4 class=\"elementor-heading-title elementor-size-default\">Flame Burner Catalog<\/h4>\t\t\t\t<\/div>\n\t\t\t\t<\/div>\n\t\t\t\t<div class=\"elementor-element elementor-element-9a59379 elementor-align-left elementor-widget elementor-widget-button\" data-id=\"9a59379\" data-element_type=\"widget\" data-widget_type=\"button.default\">\n\t\t\t\t<div class=\"elementor-widget-container\">\n\t\t\t\t\t\t\t\t\t<div class=\"elementor-button-wrapper\">\n\t\t\t\t\t<a class=\"elementor-button elementor-button-link elementor-size-xs elementor-animation-grow\" href=\"https:\/\/mobantr.com\/wp-content\/uploads\/2025\/02\/Burners-Catalog.pdf\">\n\t\t\t\t\t\t<span class=\"elementor-button-content-wrapper\">\n\t\t\t\t\t\t\t\t\t<span class=\"elementor-button-text\">\u0130ND\u0130R<\/span>\n\t\t\t\t\t<\/span>\n\t\t\t\t\t<\/a>\n\t\t\t\t<\/div>\n\t\t\t\t\t\t\t\t<\/div>\n\t\t\t\t<\/div>\n\t\t\t\t\t<\/div>\n\t\t<\/div>\n\t\t\t\t\t<\/div>\n\t\t<\/section>\n\t\t\t\t<\/div>","protected":false},"excerpt":{"rendered":"<p>Alev Beki Alev bekleri\u00a0t\u0131bbi ampul ve\u00a0flakon\u00a0imalat\u0131nda cam borular\u0131 \u015fekillendirmek i\u00e7in\u00a0ampul dolum makinalar\u0131nda dolum yap\u0131ld\u0131ktan [&hellip;]<\/p>","protected":false},"author":1,"featured_media":0,"parent":0,"menu_order":0,"comment_status":"closed","ping_status":"closed","template":"page-templates\/page_front-page.php","meta":{"footnotes":""},"class_list":["post-9441","page","type-page","status-publish","hentry"],"_links":{"self":[{"href":"https:\/\/mobantr.com\/en\/wp-json\/wp\/v2\/pages\/9441"}],"collection":[{"href":"https:\/\/mobantr.com\/en\/wp-json\/wp\/v2\/pages"}],"about":[{"href":"https:\/\/mobantr.com\/en\/wp-json\/wp\/v2\/types\/page"}],"author":[{"embeddable":true,"href":"https:\/\/mobantr.com\/en\/wp-json\/wp\/v2\/users\/1"}],"replies":[{"embeddable":true,"href":"https:\/\/mobantr.com\/en\/wp-json\/wp\/v2\/comments?post=9441"}],"version-history":[{"count":40,"href":"https:\/\/mobantr.com\/en\/wp-json\/wp\/v2\/pages\/9441\/revisions"}],"predecessor-version":[{"id":10997,"href":"https:\/\/mobantr.com\/en\/wp-json\/wp\/v2\/pages\/9441\/revisions\/10997"}],"wp:attachment":[{"href":"https:\/\/mobantr.com\/en\/wp-json\/wp\/v2\/media?parent=9441"}],"curies":[{"name":"wp","href":"https:\/\/api.w.org\/{rel}","templated":true}]}}